{"id":6480,"date":"2019-05-18T10:05:25","date_gmt":"2019-05-18T08:05:25","guid":{"rendered":"https:\/\/marketingart.sk\/?page_id=6480"},"modified":"2019-12-16T10:15:24","modified_gmt":"2019-12-16T09:15:24","slug":"contact","status":"publish","type":"page","link":"https:\/\/marketingart.sk\/en\/contact\/","title":{"rendered":"Contact"},"content":{"rendered":"<section class=\"wpb-content-wrapper\"><p>[vc_row full_width=&#8221;stretch_row&#8221; equal_height=&#8221;yes&#8221; content_placement=&#8221;top&#8221; video_bg=&#8221;yes&#8221; video_bg_url=&#8221;https:\/\/www.youtube.com\/watch?v=PkeTm7cRjsg&#8221; bg_type=&#8221;bg_color&#8221; type=&#8221;full_width_background&#8221; full_screen_row_position=&#8221;middle&#8221; bg_color=&#8221;#232735&#8243; scene_position=&#8221;center&#8221; enable_video_color_overlay=&#8221;true&#8221; video_overlay_color=&#8221;#333333&#8243; video_mute=&#8221;true&#8221; video_external=&#8221;https:\/\/www.youtube.com\/watch?v=PkeTm7cRjsg&#8221; video_mp4=&#8221;\/wp-content\/uploads\/2017\/09\/marketing-art-grafika-branding-dizajn.mp4&#8243; video_image=&#8221;1593&#8243; text_color=&#8221;light&#8221; text_align=&#8221;left&#8221; class=&#8221;sluzby hlavicka tmavarow&#8221; overlay_strength=&#8221;0.3&#8243; shape_divider_position=&#8221;bottom&#8221; el_class=&#8221;kontakt hlavicka&#8221; css=&#8221;.vc_custom_1550850558789{background-color: #232735 !important;}&#8221; mobile_bg_img_hidden=&#8221;no&#8221; woodmart_parallax=&#8221;0&#8243; woodmart_gradient_switch=&#8221;no&#8221; row_reverse_mobile=&#8221;0&#8243; row_reverse_tablet=&#8221;0&#8243; woodmart_disable_overflow=&#8221;1&#8243; bg_color_value=&#8221;#111111&#8243;][vc_column width=&#8221;1\/2&#8243; column_padding=&#8221;no-extra-padding&#8221; column_padding_position=&#8221;all&#8221; background_color_opacity=&#8221;1&#8243; background_hover_color_opacity=&#8221;1&#8243; column_shadow=&#8221;none&#8221; column_border_radius=&#8221;none&#8221; tablet_text_alignment=&#8221;default&#8221; phone_text_alignment=&#8221;default&#8221; column_border_width=&#8221;none&#8221; column_border_style=&#8221;solid&#8221; mobile_bg_img_hidden=&#8221;no&#8221; tablet_bg_img_hidden=&#8221;no&#8221; woodmart_parallax=&#8221;0&#8243; woodmart_sticky_column=&#8221;false&#8221; el_class=&#8221;vlavo&#8221; parallax_scroll=&#8221;no&#8221; mobile_reset_margin=&#8221;no&#8221; tablet_reset_margin=&#8221;no&#8221;][vc_column_text css_animation=&#8221;bottom-to-top&#8221; woodmart_color_scheme=&#8221;light&#8221; text_larger=&#8221;no&#8221;]<\/p>\n<h1>Contact<br \/>\n<strong>us<\/strong><\/h1>\n<p>[\/vc_column_text][vc_column_text css_animation=&#8221;flipInX&#8221; woodmart_color_scheme=&#8221;light&#8221; text_larger=&#8221;no&#8221; el_class=&#8221;social-ntwrks&#8221;]<a href=\"https:\/\/www.facebook.com\/marketingart.sk\/\" target=\"_blank\" rel=\"noopener noreferrer\">Facebook<\/a>\u00a0. <a href=\"https:\/\/www.instagram.com\/marketingart.sk\/\" target=\"_blank\" rel=\"noopener noreferrer\">Instagram<\/a>[\/vc_column_text][\/vc_column][vc_column width=&#8221;1\/2&#8243; column_padding=&#8221;no-extra-padding&#8221; column_padding_position=&#8221;all&#8221; background_color_opacity=&#8221;1&#8243; background_hover_color_opacity=&#8221;1&#8243; column_shadow=&#8221;none&#8221; column_border_radius=&#8221;none&#8221; tablet_text_alignment=&#8221;default&#8221; phone_text_alignment=&#8221;default&#8221; column_border_width=&#8221;none&#8221; column_border_style=&#8221;solid&#8221; mobile_bg_img_hidden=&#8221;no&#8221; tablet_bg_img_hidden=&#8221;no&#8221; woodmart_parallax=&#8221;0&#8243; woodmart_sticky_column=&#8221;false&#8221; el_class=&#8221;vpravo&#8221; parallax_scroll=&#8221;no&#8221; mobile_reset_margin=&#8221;no&#8221; tablet_reset_margin=&#8221;no&#8221;][vc_row_inner el_class=&#8221;menezeris&#8221; row_reverse_mobile=&#8221;0&#8243; row_reverse_tablet=&#8221;0&#8243;][vc_column_inner]\t\t\t<link rel=\"stylesheet\" id=\"wd-info-box-css\" href=\"https:\/\/marketingart.sk\/wp-content\/themes\/woodmart\/css\/parts\/el-info-box.min.css?ver=7.2.4\" type=\"text\/css\" media=\"all\" \/> \t\t\t\t\t\t<div class=\"info-box-wrapper\">\n\t\t\t\t<div id=\"wd-5df74aa719452\" class=\" wd-rs-5df74aa719452 wd-info-box wd-wpb text-left box-icon-align-left box-style- color-scheme- wd-bg-none wd-items-top \"  >\n\t\t\t\t\t\t\t\t\t\t\t<div class=\"box-icon-wrapper  box-with-icon box-icon-simple\">\n\t\t\t\t\t\t\t<div class=\"info-box-icon\">\n\n\t\t\t\t\t\t\t\n\t\t\t\t\t\t\t\t\t\t\t\t\t\t\t\t\t<img width=\"150\" height=\"150\" src=\"https:\/\/marketingart.sk\/wp-content\/uploads\/2018\/10\/marketing-art-mario-150x150.jpg\" class=\"info-icon image-1 attachment-thumbnail\" alt=\"M\u00e1rio Marketing Art\" decoding=\"async\" loading=\"lazy\" title=\"marketing-art-mario\" srcset=\"https:\/\/marketingart.sk\/wp-content\/uploads\/2018\/10\/marketing-art-mario-150x150.jpg 150w, https:\/\/marketingart.sk\/wp-content\/uploads\/2018\/10\/marketing-art-mario-100x100.jpg 100w, https:\/\/marketingart.sk\/wp-content\/uploads\/2018\/10\/marketing-art-mario-140x140.jpg 140w, https:\/\/marketingart.sk\/wp-content\/uploads\/2018\/10\/marketing-art-mario-24x24.jpg 24w, https:\/\/marketingart.sk\/wp-content\/uploads\/2018\/10\/marketing-art-mario-48x48.jpg 48w, https:\/\/marketingart.sk\/wp-content\/uploads\/2018\/10\/marketing-art-mario-96x96.jpg 96w, https:\/\/marketingart.sk\/wp-content\/uploads\/2018\/10\/marketing-art-mario.jpg 300w\" sizes=\"(max-width: 150px) 100vw, 150px\" \/>\t\t\t\t\t\t\t\t\t\t\t\t\t\t\t\n\t\t\t\t\t\t\t<\/div>\n\t\t\t\t\t\t<\/div>\n\t\t\t\t\t\t\t\t\t\t<div class=\"info-box-content\">\n\t\t\t\t\t\t<div class=\"info-box-subtitle subtitle-color-default wd-fontsize-xs subtitle-style-default\">CEO &amp; Co-Founder<\/div><h4 class=\"info-box-title title box-title-style-default wd-fontsize-m\">Ing. M\u00e1rio Bla\u0161\u010d\u00e1k<\/h4>\t\t\t\t\t\t<div class=\"info-box-inner set-cont-mb-s reset-last-child\">\n\t\t\t\t\t\t\t<p>We will show you how you can acquire new clients thanks to a website and online marketing.<\/p>\n<p><a href=\"tel:+421911580950\">+421 911 580 950<\/a> \/ <a href=\"mailto:blascak@marketingart.sk\">blascak@marketingart.sk<\/a><\/p>\n\t\t\t\t\t\t<\/div>\n\n\t\t\t\t\t\t\t\t\t\t\t<\/div>\n\n\t\t\t\t\t\t\t\t\t<\/div>\n\t\t\t<\/div>\n\t\t[\/vc_column_inner][\/vc_row_inner][vc_row_inner el_class=&#8221;hlavnekontakty&#8221; row_reverse_mobile=&#8221;0&#8243; row_reverse_tablet=&#8221;0&#8243;][vc_column_inner width=&#8221;1\/2&#8243;][vc_custom_heading text=&#8221;General contacts&#8221; font_container=&#8221;tag:h4|text_align:left&#8221; use_theme_fonts=&#8221;yes&#8221;][vc_column_text text_larger=&#8221;no&#8221;]<a class=\"telefon\" href=\"tel:+421911580950\">+421\u00a0911 580 950<\/a><br \/>\n<a class=\"email\" href=\"mailto:info@marketingart.sk\">info@marketingart.sk<\/a><\/p>\n<p><em>mo &#8211; fri | 9:00 &#8211; 17:00<\/em>[\/vc_column_text][\/vc_column_inner][vc_column_inner width=&#8221;1\/2&#8243;][vc_custom_heading text=&#8221;Support centre&#8221; font_container=&#8221;tag:h4|text_align:left&#8221; use_theme_fonts=&#8221;yes&#8221;][vc_column_text text_larger=&#8221;no&#8221;]Customer access:<br \/>\n<a href=\"https:\/\/marketingzone.sk\" target=\"_blank\" rel=\"noopener noreferrer\">marketingzone.sk<\/a><\/p>\n<p><a class=\"email\" href=\"mailto:support@marketingart.sk\">support@marketingart.sk<\/a>[\/vc_column_text][\/vc_column_inner][\/vc_row_inner][vc_row_inner][vc_column_inner width=&#8221;1\/2&#8243;][vc_custom_heading text=&#8221;Address&#8221; font_container=&#8221;tag:h4|text_align:left&#8221; use_theme_fonts=&#8221;yes&#8221;][vc_column_text text_larger=&#8221;no&#8221; el_class=&#8221;adresa&#8221;]<\/p>\n<p>Marketing Art<br \/>\nN\u00e1mestie SNP 7<br \/>\n911 01 \u00a0Tren\u010d\u00edn<br \/>\nSlovakia<\/p>\n<p><a href=\"https:\/\/goo.gl\/maps\/WjmkJzstoJq\" target=\"_blank\" rel=\"noopener noreferrer\">get directions<\/a><\/p>\n<p>[\/vc_column_text][\/vc_column_inner][vc_column_inner width=&#8221;1\/2&#8243;][vc_custom_heading text=&#8221;Invoicing details&#8221; font_container=&#8221;tag:h4|text_align:left&#8221; use_theme_fonts=&#8221;yes&#8221;][vc_column_text text_larger=&#8221;no&#8221; el_class=&#8221;fakturacne-udaje&#8221;]Marketing Art s.r.o.<br \/>\nN\u00e1mestie SNP 7<br \/>\n911 01 \u00a0Tren\u010d\u00edn<\/p>\n<p>I\u010cO: 44 749 759<br \/>\nI\u010c DPH: SK2022815091<\/p>\n<p>Registration: Okresn\u00fd s\u00fad Tren\u010d\u00edn, oddiel Sa, vlo\u017eka \u010d.28387\/R[\/vc_column_text][\/vc_column_inner][\/vc_row_inner][\/vc_column][\/vc_row][vc_row full_width=&#8221;stretch_row_content_no_spaces&#8221; equal_height=&#8221;yes&#8221; content_placement=&#8221;middle&#8221; bg_type=&#8221;bg_color&#8221; type=&#8221;full_width_content&#8221; full_screen_row_position=&#8221;middle&#8221; bg_color=&#8221;#232735&#8243; scene_position=&#8221;center&#8221; text_color=&#8221;light&#8221; text_align=&#8221;left&#8221; top_padding=&#8221;4%&#8221; bottom_padding=&#8221;8%&#8221; class=&#8221;kontakt mapa tmavarow&#8221; overlay_strength=&#8221;0.3&#8243; shape_divider_position=&#8221;bottom&#8221; css=&#8221;.vc_custom_1550755092413{background-color: #232735 !important;}&#8221; mobile_bg_img_hidden=&#8221;no&#8221; woodmart_parallax=&#8221;0&#8243; woodmart_gradient_switch=&#8221;no&#8221; row_reverse_mobile=&#8221;0&#8243; row_reverse_tablet=&#8221;0&#8243; woodmart_disable_overflow=&#8221;0&#8243; el_class=&#8221;kontakt mapa&#8221; bg_color_value=&#8221;#111111&#8243;][vc_column column_padding=&#8221;no-extra-padding&#8221; column_padding_position=&#8221;all&#8221; background_color_opacity=&#8221;1&#8243; background_hover_color_opacity=&#8221;1&#8243; column_shadow=&#8221;none&#8221; column_border_radius=&#8221;none&#8221; tablet_text_alignment=&#8221;default&#8221; phone_text_alignment=&#8221;default&#8221; column_border_width=&#8221;none&#8221; column_border_style=&#8221;solid&#8221; css=&#8221;.vc_custom_1550755104937{margin-top: 0px !important;margin-right: 0px !important;margin-bottom: 0px !important;margin-left: 0px !important;padding-top: 0px !important;padding-right: 0px !important;padding-bottom: 0px !important;padding-left: 0px !important;}&#8221; mobile_bg_img_hidden=&#8221;no&#8221; woodmart_parallax=&#8221;0&#8243; woodmart_sticky_column=&#8221;false&#8221; parallax_scroll=&#8221;no&#8221; mobile_reset_margin=&#8221;no&#8221; tablet_reset_margin=&#8221;no&#8221;]\t\t\t<link rel=\"stylesheet\" id=\"wd-map-css\" href=\"https:\/\/marketingart.sk\/wp-content\/themes\/woodmart\/css\/parts\/el-map.min.css?ver=7.2.4\" type=\"text\/css\" media=\"all\" \/> \t\t\t\t\t\t<link rel=\"stylesheet\" id=\"wd-el-google-map-css\" href=\"https:\/\/marketingart.sk\/wp-content\/themes\/woodmart\/css\/parts\/el-google-map.min.css?ver=7.2.4\" type=\"text\/css\" media=\"all\" \/> \t\t\t\t\t\t<div class=\"google-map-container wd-map-container   map-container-with-content wd-rs-6a0605e0a2907\" style=\"height: 600px\" data-map-args='{\"multiple_markers\":\"no\",\"latitude\":\"48.896828\",\"longitude\":\"18.045201\",\"zoom\":\"10\",\"mouse_zoom\":\"no\",\"init_type\":\"page_load\",\"init_offset\":\"100\",\"elementor\":false,\"json_style\":\"[\\n    {\\n        \\\"featureType\\\": \\\"all\\\",\\n        \\\"elementType\\\": \\\"geometry.fill\\\",\\n        \\\"stylers\\\": [\\n            {\\n                \\\"weight\\\": \\\"2.00\\\"\\n            }\\n        ]\\n    },\\n    {\\n        \\\"featureType\\\": \\\"all\\\",\\n        \\\"elementType\\\": \\\"geometry.stroke\\\",\\n        \\\"stylers\\\": [\\n            {\\n                \\\"color\\\": \\\"#9c9c9c\\\"\\n            }\\n        ]\\n    },\\n    {\\n        \\\"featureType\\\": \\\"all\\\",\\n        \\\"elementType\\\": \\\"labels.text\\\",\\n        \\\"stylers\\\": [\\n            {\\n                \\\"visibility\\\": \\\"on\\\"\\n            }\\n        ]\\n    },\\n    {\\n        \\\"featureType\\\": \\\"landscape\\\",\\n        \\\"elementType\\\": \\\"all\\\",\\n        \\\"stylers\\\": [\\n            {\\n                \\\"color\\\": \\\"#f2f2f2\\\"\\n            }\\n        ]\\n    },\\n    {\\n        \\\"featureType\\\": \\\"landscape\\\",\\n        \\\"elementType\\\": \\\"geometry.fill\\\",\\n        \\\"stylers\\\": [\\n            {\\n                \\\"color\\\": \\\"#ffffff\\\"\\n            }\\n        ]\\n    },\\n    {\\n        \\\"featureType\\\": \\\"landscape.man_made\\\",\\n        \\\"elementType\\\": \\\"geometry.fill\\\",\\n        \\\"stylers\\\": [\\n            {\\n                \\\"color\\\": \\\"#ffffff\\\"\\n            }\\n        ]\\n    },\\n    {\\n        \\\"featureType\\\": \\\"poi\\\",\\n        \\\"elementType\\\": \\\"all\\\",\\n        \\\"stylers\\\": [\\n            {\\n                \\\"visibility\\\": \\\"off\\\"\\n            }\\n        ]\\n    },\\n    {\\n        \\\"featureType\\\": \\\"road\\\",\\n        \\\"elementType\\\": \\\"all\\\",\\n        \\\"stylers\\\": [\\n            {\\n                \\\"saturation\\\": -100\\n            },\\n            {\\n                \\\"lightness\\\": 45\\n            }\\n        ]\\n    },\\n    {\\n        \\\"featureType\\\": \\\"road\\\",\\n        \\\"elementType\\\": \\\"geometry.fill\\\",\\n        \\\"stylers\\\": [\\n            {\\n                \\\"color\\\": \\\"#eeeeee\\\"\\n            }\\n        ]\\n    },\\n    {\\n        \\\"featureType\\\": \\\"road\\\",\\n        \\\"elementType\\\": \\\"labels.text.fill\\\",\\n        \\\"stylers\\\": [\\n            {\\n                \\\"color\\\": \\\"#7b7b7b\\\"\\n            }\\n        ]\\n    },\\n    {\\n        \\\"featureType\\\": \\\"road\\\",\\n        \\\"elementType\\\": \\\"labels.text.stroke\\\",\\n        \\\"stylers\\\": [\\n            {\\n                \\\"color\\\": \\\"#ffffff\\\"\\n            }\\n        ]\\n    },\\n    {\\n        \\\"featureType\\\": \\\"road.highway\\\",\\n        \\\"elementType\\\": \\\"all\\\",\\n        \\\"stylers\\\": [\\n            {\\n                \\\"visibility\\\": \\\"simplified\\\"\\n            }\\n        ]\\n    },\\n    {\\n        \\\"featureType\\\": \\\"road.arterial\\\",\\n        \\\"elementType\\\": \\\"labels.icon\\\",\\n        \\\"stylers\\\": [\\n            {\\n                \\\"visibility\\\": \\\"off\\\"\\n            }\\n        ]\\n    },\\n    {\\n        \\\"featureType\\\": \\\"transit\\\",\\n        \\\"elementType\\\": \\\"all\\\",\\n        \\\"stylers\\\": [\\n            {\\n                \\\"visibility\\\": \\\"off\\\"\\n            }\\n        ]\\n    },\\n    {\\n        \\\"featureType\\\": \\\"water\\\",\\n        \\\"elementType\\\": \\\"all\\\",\\n        \\\"stylers\\\": [\\n            {\\n                \\\"color\\\": \\\"#46bcec\\\"\\n            },\\n            {\\n                \\\"visibility\\\": \\\"on\\\"\\n            }\\n        ]\\n    },\\n    {\\n        \\\"featureType\\\": \\\"water\\\",\\n        \\\"elementType\\\": \\\"geometry.fill\\\",\\n        \\\"stylers\\\": [\\n            {\\n                \\\"color\\\": \\\"#c8d7d4\\\"\\n            }\\n        ]\\n    },\\n    {\\n        \\\"featureType\\\": \\\"water\\\",\\n        \\\"elementType\\\": \\\"labels.text.fill\\\",\\n        \\\"stylers\\\": [\\n            {\\n                \\\"color\\\": \\\"#070707\\\"\\n            }\\n        ]\\n    },\\n    {\\n        \\\"featureType\\\": \\\"water\\\",\\n        \\\"elementType\\\": \\\"labels.text.stroke\\\",\\n        \\\"stylers\\\": [\\n            {\\n                \\\"color\\\": \\\"#ffffff\\\"\\n            }\\n        ]\\n    }\\n]\",\"marker_icon\":\"https:\\\/\\\/marketingart.sk\\\/wp-content\\\/themes\\\/woodmart\\\/inc\\\/admin\\\/assets\\\/images\\\/google-icon.png\",\"marker_icon_size\":\"\",\"marker_text_needed\":\"no\",\"marker_text\":\"<h3 style=\\\"min-width:300px; text-align:center; margin:15px;\\\"><\\\/h3>\",\"selector\":\"wd-map-id-6a0605e0a2a85\",\"markers\":\"\",\"center\":\"\"}'>\n\n\t\t\t\t\n\t\t\t\t\n\t\t\t\t<div class=\"wd-google-map-wrapper wd-map-wrapper wd-fill\">\n\t\t\t\t\t<div id=\"wd-map-id-6a0605e0a2a85\" class=\"wd-google-map without-content wd-fill\"><\/div>\n\t\t\t\t<\/div>\n\n\t\t\t\t\t\t\t\t\t<div class=\"wd-google-map-content-wrap wd-map-content-wrap container wd-items-middle wd-justify-left\">\n\t\t\t\t\t\t<div class=\"wd-google-map-content wd-map-content reset-last-child\" style=\"max-width: 300px;\">\n\t\t\t\t\t\t\t[vc_column_text text_larger=&#8221;no&#8221;]Marketing Art<br \/>\nN\u00e1mestie SNP 7<br \/>\n911 01 \u00a0Tren\u010d\u00edn<br \/>\nSlovakia<\/p>\n<p><a href=\"https:\/\/goo.gl\/maps\/WjmkJzstoJq\" target=\"_blank\" rel=\"noopener noreferrer\">get directions<\/a>[\/vc_column_text]\t\t\t\t\t\t<\/div>\n\t\t\t\t\t<\/div>\n\t\t\t\t\t\t\t<\/div>\n\t\t[\/vc_column][\/vc_row][vc_row full_width=&#8221;stretch_row&#8221; bg_type=&#8221;bg_color&#8221; type=&#8221;full_width_background&#8221; full_screen_row_position=&#8221;middle&#8221; bg_color=&#8221;#232735&#8243; scene_position=&#8221;center&#8221; text_color=&#8221;light&#8221; text_align=&#8221;left&#8221; bottom_padding=&#8221;8%&#8221; class=&#8221;kontakt tmavarow formular&#8221; overlay_strength=&#8221;0.3&#8243; shape_divider_position=&#8221;bottom&#8221; css=&#8221;.vc_custom_1550756436769{background-color: #232735 !important;}&#8221; mobile_bg_img_hidden=&#8221;no&#8221; woodmart_parallax=&#8221;0&#8243; woodmart_gradient_switch=&#8221;no&#8221; row_reverse_mobile=&#8221;0&#8243; row_reverse_tablet=&#8221;0&#8243; woodmart_disable_overflow=&#8221;0&#8243; el_class=&#8221;kontakt formular tmavarow&#8221; bg_color_value=&#8221;#111111&#8243;][vc_column width=&#8221;1\/2&#8243; column_padding=&#8221;no-extra-padding&#8221; column_padding_position=&#8221;all&#8221; background_color_opacity=&#8221;1&#8243; background_hover_color_opacity=&#8221;1&#8243; column_shadow=&#8221;none&#8221; column_border_radius=&#8221;none&#8221; tablet_text_alignment=&#8221;default&#8221; phone_text_alignment=&#8221;default&#8221; column_border_width=&#8221;none&#8221; column_border_style=&#8221;solid&#8221;][vc_column_text text_larger=&#8221;no&#8221; el_class=&#8221;nadpis-b&#8221;]<\/p>\n<h2>Or message us<\/h2>\n<p>[\/vc_column_text][\/vc_column][vc_column width=&#8221;1\/2&#8243; column_padding=&#8221;no-extra-padding&#8221; column_padding_position=&#8221;all&#8221; background_color_opacity=&#8221;1&#8243; background_hover_color_opacity=&#8221;1&#8243; column_shadow=&#8221;none&#8221; column_border_radius=&#8221;none&#8221; tablet_text_alignment=&#8221;default&#8221; phone_text_alignment=&#8221;default&#8221; column_border_width=&#8221;none&#8221; column_border_style=&#8221;solid&#8221;][vc_raw_html]JTVCZm9ybWluYXRvcl9mb3JtJTIwaWQlM0QlMjI2NzA3JTIyJTVE[\/vc_raw_html][\/vc_column][\/vc_row]<\/p>\n<\/section>","protected":false},"excerpt":{"rendered":"<p>[vc_row full_width=&#8221;stretch_row&#8221; equal_height=&#8221;yes&#8221; content_placement=&#8221;top&#8221; video_bg=&#8221;yes&#8221; video_bg_url=&#8221;https:\/\/www.youtube.com\/watch?v=PkeTm7cRjsg&#8221; bg_type=&#8221;bg_color&#8221; type=&#8221;full_width_background&#8221; full_screen_row_position=&#8221;middle&#8221; bg_color=&#8221;#232735&#8243; scene_position=&#8221;center&#8221; enable_video_color_overlay=&#8221;true&#8221; video_overlay_color=&#8221;#333333&#8243; video_mute=&#8221;true&#8221; video_external=&#8221;https:\/\/www.youtube.com\/watch?v=PkeTm7cRjsg&#8221; video_mp4=&#8221;\/wp-content\/uploads\/2017\/09\/marketing-art-grafika-branding-dizajn.mp4&#8243; video_image=&#8221;1593&#8243; text_color=&#8221;light&#8221; text_align=&#8221;left&#8221; class=&#8221;sluzby<\/p>\n","protected":false},"author":6,"featured_media":0,"parent":0,"menu_order":0,"comment_status":"closed","ping_status":"closed","template":"","meta":{"inline_featured_image":false},"yoast_head":"<!-- This site is optimized with the Yoast SEO plugin v20.10 - https:\/\/yoast.com\/wordpress\/plugins\/seo\/ -->\n<title>Contact | Marketing Art<\/title>\n<meta name=\"description\" content=\"Are you interested in creating your website, corporate identity or marketing strategy? Feel free to contact us via the form or at info@marketingart.sk.\" \/>\n<meta name=\"robots\" content=\"index, follow, max-snippet:-1, max-image-preview:large, max-video-preview:-1\" \/>\n<link rel=\"canonical\" href=\"https:\/\/marketingart.sk\/en\/contact\/\" \/>\n<meta property=\"og:locale\" content=\"en_US\" \/>\n<meta property=\"og:type\" content=\"article\" \/>\n<meta property=\"og:title\" content=\"Contact | Marketing Art\" \/>\n<meta property=\"og:description\" content=\"Are you interested in creating your website, corporate identity or marketing strategy? Feel free to contact us via the form or at info@marketingart.sk.\" \/>\n<meta property=\"og:url\" content=\"https:\/\/marketingart.sk\/en\/contact\/\" \/>\n<meta property=\"og:site_name\" content=\"Marketing Art\" \/>\n<meta property=\"article:modified_time\" content=\"2019-12-16T09:15:24+00:00\" \/>\n<meta property=\"og:image\" content=\"https:\/\/marketingart.sk\/wp-content\/uploads\/2017\/10\/fb-marketing-art.jpg\" \/>\n\t<meta property=\"og:image:width\" content=\"1200\" \/>\n\t<meta property=\"og:image:height\" content=\"628\" \/>\n\t<meta property=\"og:image:type\" content=\"image\/jpeg\" \/>\n<meta name=\"twitter:card\" content=\"summary_large_image\" \/>\n<meta name=\"twitter:label1\" content=\"Est. reading time\" \/>\n\t<meta name=\"twitter:data1\" content=\"6 minutes\" \/>\n<script type=\"application\/ld+json\" class=\"yoast-schema-graph\">{\"@context\":\"https:\/\/schema.org\",\"@graph\":[{\"@type\":\"WebPage\",\"@id\":\"https:\/\/marketingart.sk\/en\/contact\/\",\"url\":\"https:\/\/marketingart.sk\/en\/contact\/\",\"name\":\"Contact | Marketing Art\",\"isPartOf\":{\"@id\":\"https:\/\/marketingart.sk\/#website\"},\"datePublished\":\"2019-05-18T08:05:25+00:00\",\"dateModified\":\"2019-12-16T09:15:24+00:00\",\"description\":\"Are you interested in creating your website, corporate identity or marketing strategy? Feel free to contact us via the form or at info@marketingart.sk.\",\"breadcrumb\":{\"@id\":\"https:\/\/marketingart.sk\/en\/contact\/#breadcrumb\"},\"inLanguage\":\"en-US\",\"potentialAction\":[{\"@type\":\"ReadAction\",\"target\":[\"https:\/\/marketingart.sk\/en\/contact\/\"]}]},{\"@type\":\"BreadcrumbList\",\"@id\":\"https:\/\/marketingart.sk\/en\/contact\/#breadcrumb\",\"itemListElement\":[{\"@type\":\"ListItem\",\"position\":1,\"name\":\"Home\",\"item\":\"https:\/\/marketingart.sk\/en\/\"},{\"@type\":\"ListItem\",\"position\":2,\"name\":\"Contact\"}]},{\"@type\":\"WebSite\",\"@id\":\"https:\/\/marketingart.sk\/#website\",\"url\":\"https:\/\/marketingart.sk\/\",\"name\":\"Marketing Art\",\"description\":\"\",\"publisher\":{\"@id\":\"https:\/\/marketingart.sk\/#organization\"},\"potentialAction\":[{\"@type\":\"SearchAction\",\"target\":{\"@type\":\"EntryPoint\",\"urlTemplate\":\"https:\/\/marketingart.sk\/?s={search_term_string}\"},\"query-input\":\"required name=search_term_string\"}],\"inLanguage\":\"en-US\"},{\"@type\":\"Organization\",\"@id\":\"https:\/\/marketingart.sk\/#organization\",\"name\":\"Marketing Art\",\"url\":\"https:\/\/marketingart.sk\/\",\"logo\":{\"@type\":\"ImageObject\",\"inLanguage\":\"en-US\",\"@id\":\"https:\/\/marketingart.sk\/#\/schema\/logo\/image\/\",\"url\":\"https:\/\/marketingart.sk\/wp-content\/uploads\/2017\/09\/marketing-art-logo-full-black.png\",\"contentUrl\":\"https:\/\/marketingart.sk\/wp-content\/uploads\/2017\/09\/marketing-art-logo-full-black.png\",\"width\":222,\"height\":40,\"caption\":\"Marketing Art\"},\"image\":{\"@id\":\"https:\/\/marketingart.sk\/#\/schema\/logo\/image\/\"}}]}<\/script>\n<!-- \/ Yoast SEO plugin. -->","yoast_head_json":{"title":"Contact | Marketing Art","description":"Are you interested in creating your website, corporate identity or marketing strategy? Feel free to contact us via the form or at info@marketingart.sk.","robots":{"index":"index","follow":"follow","max-snippet":"max-snippet:-1","max-image-preview":"max-image-preview:large","max-video-preview":"max-video-preview:-1"},"canonical":"https:\/\/marketingart.sk\/en\/contact\/","og_locale":"en_US","og_type":"article","og_title":"Contact | Marketing Art","og_description":"Are you interested in creating your website, corporate identity or marketing strategy? Feel free to contact us via the form or at info@marketingart.sk.","og_url":"https:\/\/marketingart.sk\/en\/contact\/","og_site_name":"Marketing Art","article_modified_time":"2019-12-16T09:15:24+00:00","og_image":[{"width":1200,"height":628,"url":"https:\/\/marketingart.sk\/wp-content\/uploads\/2017\/10\/fb-marketing-art.jpg","type":"image\/jpeg"}],"twitter_card":"summary_large_image","twitter_misc":{"Est. reading time":"6 minutes"},"schema":{"@context":"https:\/\/schema.org","@graph":[{"@type":"WebPage","@id":"https:\/\/marketingart.sk\/en\/contact\/","url":"https:\/\/marketingart.sk\/en\/contact\/","name":"Contact | Marketing Art","isPartOf":{"@id":"https:\/\/marketingart.sk\/#website"},"datePublished":"2019-05-18T08:05:25+00:00","dateModified":"2019-12-16T09:15:24+00:00","description":"Are you interested in creating your website, corporate identity or marketing strategy? Feel free to contact us via the form or at info@marketingart.sk.","breadcrumb":{"@id":"https:\/\/marketingart.sk\/en\/contact\/#breadcrumb"},"inLanguage":"en-US","potentialAction":[{"@type":"ReadAction","target":["https:\/\/marketingart.sk\/en\/contact\/"]}]},{"@type":"BreadcrumbList","@id":"https:\/\/marketingart.sk\/en\/contact\/#breadcrumb","itemListElement":[{"@type":"ListItem","position":1,"name":"Home","item":"https:\/\/marketingart.sk\/en\/"},{"@type":"ListItem","position":2,"name":"Contact"}]},{"@type":"WebSite","@id":"https:\/\/marketingart.sk\/#website","url":"https:\/\/marketingart.sk\/","name":"Marketing Art","description":"","publisher":{"@id":"https:\/\/marketingart.sk\/#organization"},"potentialAction":[{"@type":"SearchAction","target":{"@type":"EntryPoint","urlTemplate":"https:\/\/marketingart.sk\/?s={search_term_string}"},"query-input":"required name=search_term_string"}],"inLanguage":"en-US"},{"@type":"Organization","@id":"https:\/\/marketingart.sk\/#organization","name":"Marketing Art","url":"https:\/\/marketingart.sk\/","logo":{"@type":"ImageObject","inLanguage":"en-US","@id":"https:\/\/marketingart.sk\/#\/schema\/logo\/image\/","url":"https:\/\/marketingart.sk\/wp-content\/uploads\/2017\/09\/marketing-art-logo-full-black.png","contentUrl":"https:\/\/marketingart.sk\/wp-content\/uploads\/2017\/09\/marketing-art-logo-full-black.png","width":222,"height":40,"caption":"Marketing Art"},"image":{"@id":"https:\/\/marketingart.sk\/#\/schema\/logo\/image\/"}}]}},"_links":{"self":[{"href":"https:\/\/marketingart.sk\/en\/wp-json\/wp\/v2\/pages\/6480"}],"collection":[{"href":"https:\/\/marketingart.sk\/en\/wp-json\/wp\/v2\/pages"}],"about":[{"href":"https:\/\/marketingart.sk\/en\/wp-json\/wp\/v2\/types\/page"}],"author":[{"embeddable":true,"href":"https:\/\/marketingart.sk\/en\/wp-json\/wp\/v2\/users\/6"}],"replies":[{"embeddable":true,"href":"https:\/\/marketingart.sk\/en\/wp-json\/wp\/v2\/comments?post=6480"}],"version-history":[{"count":0,"href":"https:\/\/marketingart.sk\/en\/wp-json\/wp\/v2\/pages\/6480\/revisions"}],"wp:attachment":[{"href":"https:\/\/marketingart.sk\/en\/wp-json\/wp\/v2\/media?parent=6480"}],"curies":[{"name":"wp","href":"https:\/\/api.w.org\/{rel}","templated":true}]}}